{"id":9,"date":"2025-11-03T15:48:24","date_gmt":"2025-11-03T14:48:24","guid":{"rendered":"https:\/\/lafriterit.thinkforweb.com\/SITE_2026\/?page_id=9"},"modified":"2025-12-18T15:34:07","modified_gmt":"2025-12-18T14:34:07","slug":"panier","status":"publish","type":"page","link":"https:\/\/lafriterit.thinkforweb.com\/SITE_2026\/panier\/","title":{"rendered":"Panier"},"content":{"rendered":"\n<div data-block-name=\"woocommerce\/cart\" class=\"wp-block-woocommerce-cart alignwide is-loading\">\n<div data-block-name=\"woocommerce\/filled-cart-block\" class=\"wp-block-woocommerce-filled-cart-block\">\n<div data-block-name=\"woocommerce\/cart-items-block\" class=\"wp-block-woocommerce-cart-items-block\">\n<div data-block-name=\"woocommerce\/cart-line-items-block\" class=\"wp-block-woocommerce-cart-line-items-block\"><\/div>\n\n\n<\/div>\n\n\n\n\n<div data-block-name=\"woocommerce\/cart-totals-block\" class=\"wp-block-woocommerce-cart-totals-block\">\n<div data-block-name=\"woocommerce\/cart-order-summary-block\" class=\"wp-block-woocommerce-cart-order-summary-block\">\n<div data-block-name=\"woocommerce\/cart-order-summary-heading-block\" class=\"wp-block-woocommerce-cart-order-summary-heading-block\"><\/div><div data-block-name=\"woocommerce\/cart-order-summary-coupon-form-block\" class=\"wp-block-woocommerce-cart-order-summary-coupon-form-block\"><\/div><div data-block-name=\"woocommerce\/cart-order-summary-totals-block\" class=\"wp-block-woocommerce-cart-order-summary-totals-block\">\n<div data-block-name=\"woocommerce\/cart-order-summary-subtotal-block\" class=\"wp-block-woocommerce-cart-order-summary-subtotal-block\"><\/div>\n<div data-block-name=\"woocommerce\/cart-order-summary-discount-block\" class=\"wp-block-woocommerce-cart-order-summary-discount-block\"><\/div>\n<div data-block-name=\"woocommerce\/cart-order-summary-fee-block\" class=\"wp-block-woocommerce-cart-order-summary-fee-block\"><\/div>\n<div data-block-name=\"woocommerce\/cart-order-summary-shipping-block\" class=\"wp-block-woocommerce-cart-order-summary-shipping-block\"><\/div>\n<div data-block-name=\"woocommerce\/cart-order-summary-taxes-block\" class=\"wp-block-woocommerce-cart-order-summary-taxes-block\"><\/div><\/div>\n<\/div>\n\n\n\n<div data-block-name=\"woocommerce\/cart-express-payment-block\" class=\"wp-block-woocommerce-cart-express-payment-block\"><\/div>\n\n\n\n<div data-block-name=\"woocommerce\/proceed-to-checkout-block\" class=\"wp-block-woocommerce-proceed-to-checkout-block\"><\/div>\n\n\n\n<div data-block-name=\"woocommerce\/cart-accepted-payment-methods-block\" class=\"wp-block-woocommerce-cart-accepted-payment-methods-block\"><\/div>\n<\/div>\n<\/div>\n\n\n\n<div data-block-name=\"woocommerce\/empty-cart-block\" class=\"wp-block-woocommerce-empty-cart-block\">\n<h2 class=\"wp-block-heading has-text-align-center with-empty-cart-icon wc-block-cart__empty-cart__title\">Votre panier est actuellement vide\u00a0!<\/h2>\n\n\n\n<hr class=\"wp-block-separator has-alpha-channel-opacity is-style-dots\"\/>\n\n\n\n<h2 class=\"wp-block-heading has-text-align-center\">Nouveau dans la boutique<\/h2>\n\n\n<div data-block-name=\"woocommerce\/product-new\" data-columns=\"4\" data-rows=\"1\" class=\"wc-block-grid wp-block-product-new wp-block-woocommerce-product-new wc-block-product-new has-4-columns\"><ul class=\"wc-block-grid__products\"><li class=\"wc-block-grid__product\">\n\t\t\t\t<a href=\"https:\/\/lafriterit.thinkforweb.com\/SITE_2026\/produit\/mayonnaise\/\" class=\"wc-block-grid__product-link\">\n\t\t\t\t\t\n\t\t\t\t\t<div class=\"wc-block-grid__product-image\"><img loading=\"lazy\" decoding=\"async\" width=\"300\" height=\"300\" src=\"https:\/\/lafriterit.thinkforweb.com\/SITE_2026\/wp-content\/uploads\/woocommerce-placeholder-300x300.webp\" class=\"woocommerce-placeholder wp-post-image\" alt=\"\" srcset=\"https:\/\/lafriterit.thinkforweb.com\/SITE_2026\/wp-content\/uploads\/woocommerce-placeholder-300x300.webp 300w, https:\/\/lafriterit.thinkforweb.com\/SITE_2026\/wp-content\/uploads\/woocommerce-placeholder-150x150.webp 150w, https:\/\/lafriterit.thinkforweb.com\/SITE_2026\/wp-content\/uploads\/woocommerce-placeholder-600x600.webp 600w, https:\/\/lafriterit.thinkforweb.com\/SITE_2026\/wp-content\/uploads\/woocommerce-placeholder-1024x1024.webp 1024w, https:\/\/lafriterit.thinkforweb.com\/SITE_2026\/wp-content\/uploads\/woocommerce-placeholder-768x768.webp 768w, https:\/\/lafriterit.thinkforweb.com\/SITE_2026\/wp-content\/uploads\/woocommerce-placeholder.webp 1200w\" sizes=\"auto, (max-width: 300px) 100vw, 300px\" \/><\/div>\n\t\t\t\t\t<div class=\"wc-block-grid__product-title\">Mayonnaise<\/div>\n\t\t\t\t<\/a>\n\t\t\t\t<div class=\"wc-block-grid__product-price price\"><span class=\"woocommerce-Price-amount amount\">0,50&nbsp;<span class=\"woocommerce-Price-currencySymbol\">&euro;<\/span><\/span><\/div>\n\t\t\t\t\n\t\t\t\t<div class=\"wp-block-button wc-block-grid__product-add-to-cart\"><a href=\"\/SITE_2026\/wp-json\/wp\/v2\/pages\/9?add-to-cart=85\" aria-label=\"Ajouter au panier\u00a0: &ldquo;Mayonnaise&rdquo;\" data-quantity=\"1\" data-product_id=\"85\" data-product_sku=\"\" data-price=\"0.5\" rel=\"nofollow\" class=\"wp-block-button__link  add_to_cart_button ajax_add_to_cart\">Ajouter au panier<\/a><\/div>\n\t\t\t<\/li><li class=\"wc-block-grid__product\">\n\t\t\t\t<a href=\"https:\/\/lafriterit.thinkforweb.com\/SITE_2026\/produit\/ketchup\/\" class=\"wc-block-grid__product-link\">\n\t\t\t\t\t\n\t\t\t\t\t<div class=\"wc-block-grid__product-image\"><img loading=\"lazy\" decoding=\"async\" width=\"300\" height=\"300\" src=\"https:\/\/lafriterit.thinkforweb.com\/SITE_2026\/wp-content\/uploads\/woocommerce-placeholder-300x300.webp\" class=\"woocommerce-placeholder wp-post-image\" alt=\"\" srcset=\"https:\/\/lafriterit.thinkforweb.com\/SITE_2026\/wp-content\/uploads\/woocommerce-placeholder-300x300.webp 300w, https:\/\/lafriterit.thinkforweb.com\/SITE_2026\/wp-content\/uploads\/woocommerce-placeholder-150x150.webp 150w, https:\/\/lafriterit.thinkforweb.com\/SITE_2026\/wp-content\/uploads\/woocommerce-placeholder-600x600.webp 600w, https:\/\/lafriterit.thinkforweb.com\/SITE_2026\/wp-content\/uploads\/woocommerce-placeholder-1024x1024.webp 1024w, https:\/\/lafriterit.thinkforweb.com\/SITE_2026\/wp-content\/uploads\/woocommerce-placeholder-768x768.webp 768w, https:\/\/lafriterit.thinkforweb.com\/SITE_2026\/wp-content\/uploads\/woocommerce-placeholder.webp 1200w\" sizes=\"auto, (max-width: 300px) 100vw, 300px\" \/><\/div>\n\t\t\t\t\t<div class=\"wc-block-grid__product-title\">Ketchup<\/div>\n\t\t\t\t<\/a>\n\t\t\t\t<div class=\"wc-block-grid__product-price price\"><span class=\"woocommerce-Price-amount amount\">0,50&nbsp;<span class=\"woocommerce-Price-currencySymbol\">&euro;<\/span><\/span><\/div>\n\t\t\t\t\n\t\t\t\t<div class=\"wp-block-button wc-block-grid__product-add-to-cart\"><a href=\"\/SITE_2026\/wp-json\/wp\/v2\/pages\/9?add-to-cart=84\" aria-label=\"Ajouter au panier\u00a0: &ldquo;Ketchup&rdquo;\" data-quantity=\"1\" data-product_id=\"84\" data-product_sku=\"\" data-price=\"0.5\" rel=\"nofollow\" class=\"wp-block-button__link  add_to_cart_button ajax_add_to_cart\">Ajouter au panier<\/a><\/div>\n\t\t\t<\/li><li class=\"wc-block-grid__product\">\n\t\t\t\t<a href=\"https:\/\/lafriterit.thinkforweb.com\/SITE_2026\/produit\/americain-saucisse\/\" class=\"wc-block-grid__product-link\">\n\t\t\t\t\t\n\t\t\t\t\t<div class=\"wc-block-grid__product-image\"><img loading=\"lazy\" decoding=\"async\" width=\"300\" height=\"300\" src=\"https:\/\/lafriterit.thinkforweb.com\/SITE_2026\/wp-content\/uploads\/2025\/11\/9c91bda1-e6a0-4b95-be27-3882d875e402-300x300.webp\" class=\"attachment-woocommerce_thumbnail size-woocommerce_thumbnail\" alt=\"Am\u00e9ricain saucisse\" srcset=\"https:\/\/lafriterit.thinkforweb.com\/SITE_2026\/wp-content\/uploads\/2025\/11\/9c91bda1-e6a0-4b95-be27-3882d875e402-300x300.webp 300w, https:\/\/lafriterit.thinkforweb.com\/SITE_2026\/wp-content\/uploads\/2025\/11\/9c91bda1-e6a0-4b95-be27-3882d875e402-150x150.webp 150w\" sizes=\"auto, (max-width: 300px) 100vw, 300px\" \/><\/div>\n\t\t\t\t\t<div class=\"wc-block-grid__product-title\">Am\u00e9ricain saucisse<\/div>\n\t\t\t\t<\/a>\n\t\t\t\t<div class=\"wc-block-grid__product-price price\"><span class=\"woocommerce-Price-amount amount\">10,00&nbsp;<span class=\"woocommerce-Price-currencySymbol\">&euro;<\/span><\/span><\/div>\n\t\t\t\t\n\t\t\t\t<div class=\"wp-block-button wc-block-grid__product-add-to-cart\"><a href=\"https:\/\/lafriterit.thinkforweb.com\/SITE_2026\/produit\/americain-saucisse\/\" aria-label=\"S\u00e9lectionner les options pour &ldquo;Am\u00e9ricain saucisse&rdquo;\" data-quantity=\"1\" data-product_id=\"62\" data-product_sku=\"\" data-price=\"10\" rel=\"nofollow\" class=\"wp-block-button__link  add_to_cart_button\">Choix des options<\/a><\/div>\n\t\t\t<\/li><\/ul><\/div><\/div>\n<\/div>\n","protected":false},"excerpt":{"rendered":"Vous serez peut-\u00eatre int\u00e9ress\u00e9 par&hellip; Votre panier est actuellement vide\u00a0! Nouveau dans la boutique","protected":false},"author":1,"featured_media":0,"parent":0,"menu_order":0,"comment_status":"closed","ping_status":"closed","template":"","meta":{"footnotes":""},"class_list":["post-9","page","type-page","status-publish"],"_links":{"self":[{"href":"https:\/\/lafriterit.thinkforweb.com\/SITE_2026\/wp-json\/wp\/v2\/pages\/9","targetHints":{"allow":["GET"]}}],"collection":[{"href":"https:\/\/lafriterit.thinkforweb.com\/SITE_2026\/wp-json\/wp\/v2\/pages"}],"about":[{"href":"https:\/\/lafriterit.thinkforweb.com\/SITE_2026\/wp-json\/wp\/v2\/types\/page"}],"author":[{"embeddable":true,"href":"https:\/\/lafriterit.thinkforweb.com\/SITE_2026\/wp-json\/wp\/v2\/users\/1"}],"replies":[{"embeddable":true,"href":"https:\/\/lafriterit.thinkforweb.com\/SITE_2026\/wp-json\/wp\/v2\/comments?post=9"}],"version-history":[{"count":1,"href":"https:\/\/lafriterit.thinkforweb.com\/SITE_2026\/wp-json\/wp\/v2\/pages\/9\/revisions"}],"predecessor-version":[{"id":53,"href":"https:\/\/lafriterit.thinkforweb.com\/SITE_2026\/wp-json\/wp\/v2\/pages\/9\/revisions\/53"}],"wp:attachment":[{"href":"https:\/\/lafriterit.thinkforweb.com\/SITE_2026\/wp-json\/wp\/v2\/media?parent=9"}],"curies":[{"name":"wp","href":"https:\/\/api.w.org\/{rel}","templated":true}]}}